{"id":298,"date":"2022-06-15T11:10:20","date_gmt":"2022-06-15T09:10:20","guid":{"rendered":"https:\/\/moremanagement.pom-preview.ch\/kontakt\/"},"modified":"2022-12-04T21:27:13","modified_gmt":"2022-12-04T20:27:13","slug":"kontakt","status":"publish","type":"page","link":"https:\/\/more-management.ch\/de\/kontakt\/","title":{"rendered":"Kontakt"},"content":{"rendered":"\r\n<p>C\u2019est une page avec des informations de contact de base, comme l\u2019adresse et le num\u00e9ro de t\u00e9l\u00e9phone. Vous pouvez aussi essayer une extension pour ajouter un formulaire de contact.<\/p>\r\n","protected":false},"excerpt":{"rendered":"<p>C\u2019est une page avec des informations de contact de base, comme l\u2019adresse et le num\u00e9ro de t\u00e9l\u00e9phone. Vous pouvez aussi essayer une extension pour ajouter un formulaire de contact.<\/p>\n","protected":false},"author":1,"featured_media":0,"parent":0,"menu_order":0,"comment_status":"closed","ping_status":"closed","template":"template-contact.php","meta":{"_acf_changed":false,"_seopress_robots_primary_cat":"","_seopress_titles_title":"","_seopress_titles_desc":"","_seopress_robots_index":"","footnotes":""},"class_list":["post-298","page","type-page","status-publish","hentry","entry"],"acf":[],"_links":{"self":[{"href":"https:\/\/more-management.ch\/de\/wp-json\/wp\/v2\/pages\/298","targetHints":{"allow":["GET"]}}],"collection":[{"href":"https:\/\/more-management.ch\/de\/wp-json\/wp\/v2\/pages"}],"about":[{"href":"https:\/\/more-management.ch\/de\/wp-json\/wp\/v2\/types\/page"}],"author":[{"embeddable":true,"href":"https:\/\/more-management.ch\/de\/wp-json\/wp\/v2\/users\/1"}],"replies":[{"embeddable":true,"href":"https:\/\/more-management.ch\/de\/wp-json\/wp\/v2\/comments?post=298"}],"version-history":[{"count":2,"href":"https:\/\/more-management.ch\/de\/wp-json\/wp\/v2\/pages\/298\/revisions"}],"predecessor-version":[{"id":1233,"href":"https:\/\/more-management.ch\/de\/wp-json\/wp\/v2\/pages\/298\/revisions\/1233"}],"wp:attachment":[{"href":"https:\/\/more-management.ch\/de\/wp-json\/wp\/v2\/media?parent=298"}],"curies":[{"name":"wp","href":"https:\/\/api.w.org\/{rel}","templated":true}]}}